{"id":313,"date":"2025-11-27T18:40:20","date_gmt":"2025-11-27T18:40:20","guid":{"rendered":"https:\/\/andrearealtorpv.com\/properties\/"},"modified":"2026-01-21T17:30:23","modified_gmt":"2026-01-21T17:30:23","slug":"properties","status":"publish","type":"page","link":"https:\/\/andrearealtorpv.com\/en\/properties\/","title":{"rendered":"Properties"},"content":{"rendered":"<div class=\"wp-block-uagb-container uagb-block-1f516663 alignfull uagb-is-root-container\"><div class=\"uagb-container-inner-blocks-wrap\">\n<div class=\"wp-block-uagb-advanced-heading uagb-block-20db4a13\"><h4 class=\"uagb-heading-text\">Properties<\/h4><\/div>\n\n\n\n<div class=\"wp-block-uagb-advanced-heading uagb-block-502b74a2\"><h1 class=\"uagb-heading-text\">Find your property<\/h1><\/div>\n<\/div><\/div>\n\n\n\n<div class=\"wp-block-uagb-container uagb-block-76686eff alignfull uagb-is-root-container\"><div class=\"uagb-container-inner-blocks-wrap\">\n<div class=\"wp-block-uagb-advanced-heading uagb-block-b7529bdb\"><h2 class=\"uagb-heading-text\">Featured Properties<\/h2><p class=\"uagb-desc-text\">Featured properties, selected with expertise and personalized attention.<\/p><div class=\"uagb-separator\"><\/div><\/div>\n\n\n\n<div class=\"wp-block-uagb-container uagb-block-2f26de08\">\n<div class=\"wp-block-uagb-container uagb-block-d5e320d6\">\n<style>\r\n  .fb-video{\r\n    position: relative;\r\n    width: 100%;\r\n    padding-top: 177%; \/* proporci\u00f3n vertical del reel *\/\r\n    overflow: hidden;\r\n  }\r\n\r\n  .fb-video iframe{\r\n    position: absolute;\r\n    top: 0;\r\n    left: 0;\r\n    width: 100% !important;\r\n    height: 100% !important;\r\n    border: 0;\r\n  }\r\n<\/style>\r\n\r\n<div class=\"fb-video\">\r\n  <iframe\r\n    src=\"https:\/\/www.facebook.com\/plugins\/video.php?href=https%3A%2F%2Fwww.facebook.com%2Freel%2F1399155601707770%2F&#038;show_text=false&#038;t=0\"\r\n    scrolling=\"no\"\r\n    frameborder=\"0\"\r\n    allow=\"autoplay; clipboard-write; encrypted-media; picture-in-picture; web-share\"\r\n    allowfullscreen>\r\n  <\/iframe>\r\n<\/div>\n\n\n\n<div class=\"wp-block-uagb-advanced-heading uagb-block-55b84596\"><h6 class=\"uagb-heading-text\">Beach House<\/h6><\/div>\n\n\n\n<div class=\"wp-block-uagb-advanced-heading uagb-block-b7dc8069\"><h5 class=\"uagb-heading-text\">Riviera Nayarit<\/h5><p class=\"uagb-desc-text\">Ideal para iniciar tu patrimonio familiar sin un presupuesto alto.<\/p><\/div>\n\n\n\n<p>Common areas include a clubhouse, terrace, playground, and swimming pool.\n\nSelect 83 more words to run Humanizer.<\/p>\n\n\n\n<div class=\"wp-block-uagb-advanced-heading uagb-block-e841366d\"><p class=\"uagb-desc-text\">MXN $2.650M<\/p><\/div>\n<\/div>\n\n\n\n<div class=\"wp-block-uagb-container uagb-block-b08e8f63\">\n<style>\r\n  .fb-video{\r\n    position: relative;\r\n    width: 100%;\r\n    padding-top: 177%; \/* proporci\u00f3n vertical del reel *\/\r\n    overflow: hidden;\r\n  }\r\n\r\n  .fb-video iframe{\r\n    position: absolute;\r\n    top: 0;\r\n    left: 0;\r\n    width: 100% !important;\r\n    height: 100% !important;\r\n    border: 0;\r\n  }\r\n<\/style>\r\n\r\n<div class=\"fb-video\">\r\n  <iframe\r\n    src=\"https:\/\/www.facebook.com\/plugins\/video.php?height=476&#038;href=https%3A%2F%2Fwww.facebook.com%2Freel%2F2667154590311849%2F&#038;show_text=false&#038;width=267&#038;t=0\"\r\n    scrolling=\"no\"\r\n    frameborder=\"0\"\r\n    allow=\"autoplay; clipboard-write; encrypted-media; picture-in-picture; web-share\"\r\n    allowfullscreen>\r\n  <\/iframe>\r\n<\/div>\n\n\n\n<div class=\"wp-block-uagb-advanced-heading uagb-block-8e282251\"><h6 class=\"uagb-heading-text\">GOLF HOUSE<\/h6><\/div>\n\n\n\n<div class=\"wp-block-uagb-advanced-heading uagb-block-007bbc4e\"><h5 class=\"uagb-heading-text\">Nuevo Vallarta, Jalisco M\u00e9xico<\/h5><p class=\"uagb-desc-text\">This is the perfect place to live in harmony and peace, with the delight of the ocean.<\/p><\/div>\n\n\n\n<div class=\"wp-block-uagb-advanced-heading uagb-block-d645ea6d\"><p class=\"uagb-desc-text\">USD $1.8M<\/p><\/div>\n<\/div>\n\n\n\n<div class=\"wp-block-uagb-container uagb-block-45a8aeae\">\n<style>\r\n  .fb-video{\r\n    position: relative;\r\n    width: 100%;\r\n    padding-top: 177%; \/* proporci\u00f3n vertical del reel *\/\r\n    overflow: hidden;\r\n  }\r\n\r\n  .fb-video iframe{\r\n    position: absolute;\r\n    top: 0;\r\n    left: 0;\r\n    width: 100% !important;\r\n    height: 100% !important;\r\n    border: 0;\r\n  }\r\n<\/style>\r\n\r\n<div class=\"fb-video\">\r\n  <iframe\r\n    src=\"https:\/\/www.facebook.com\/plugins\/video.php?height=476&#038;href=https%3A%2F%2Fwww.facebook.com%2Freel%2F1204248648302740%2F&#038;show_text=false&#038;width=267&#038;t=0\"\r\n    scrolling=\"no\"\r\n    frameborder=\"0\"\r\n    allow=\"autoplay; clipboard-write; encrypted-media; picture-in-picture; web-share\"\r\n    allowfullscreen>\r\n  <\/iframe>\r\n<\/div>\n\n\n\n<div class=\"wp-block-uagb-advanced-heading uagb-block-cd799bd8\"><h6 class=\"uagb-heading-text\">Beachfront Apartment<\/h6><\/div>\n\n\n\n<div class=\"wp-block-uagb-advanced-heading uagb-block-b96aad01\"><h5 class=\"uagb-heading-text\">V Bucerias Condominios Riviera Nayarit<\/h5><p class=\"uagb-desc-text\">This property in V Bucer\u00edas features 2 bedrooms and 2.5 bathrooms, terraces with panoramic views, and premium finishes. Perfect for oceanfront living or hosting guests in an exclusive setting.<\/p><\/div>\n\n\n\n<div class=\"wp-block-uagb-advanced-heading uagb-block-34119293\"><p class=\"uagb-desc-text\">MXN $19.64M<\/p><\/div>\n<\/div>\n\n\n\n<div class=\"wp-block-uagb-container uagb-block-1a78b920\">\n<style>\r\n  .fb-video{\r\n    position: relative;\r\n    width: 100%;\r\n    padding-top: 177%; \/* proporci\u00f3n vertical del reel *\/\r\n    overflow: hidden;\r\n  }\r\n\r\n  .fb-video iframe{\r\n    position: absolute;\r\n    top: 0;\r\n    left: 0;\r\n    width: 100% !important;\r\n    height: 100% !important;\r\n    border: 0;\r\n  }\r\n<\/style>\r\n\r\n<div class=\"fb-video\">\r\n  <iframe\r\n    src=\"https:\/\/www.facebook.com\/plugins\/video.php?height=476&#038;href=https%3A%2F%2Fwww.facebook.com%2Freel%2F4231538443728877%2F&#038;show_text=false&#038;width=267&#038;t=0\"\r\n    scrolling=\"no\"\r\n    frameborder=\"0\"\r\n    allow=\"autoplay; clipboard-write; encrypted-media; picture-in-picture; web-share\"\r\n    allowfullscreen>\r\n  <\/iframe>\r\n<\/div>\n\n\n\n<div class=\"wp-block-uagb-advanced-heading uagb-block-f5b540a1\"><h6 class=\"uagb-heading-text\">Lisboa Residencial House<\/h6><\/div>\n\n\n\n<div class=\"wp-block-uagb-advanced-heading uagb-block-4110029c\"><h5 class=\"uagb-heading-text\">Puerto Vallarta M\u00e9xico<\/h5><p class=\"uagb-desc-text translation-block\">With 3 bedrooms and 2.5 bathrooms, this property is designed for a premium lifestyle.\nIt is located in a peaceful setting, ideal for those seeking a balance between nature and city living.<\/p><\/div>\n\n\n\n<div class=\"wp-block-uagb-advanced-heading uagb-block-0fccf26b\"><p class=\"uagb-desc-text\">MXN $5M<\/p><\/div>\n<\/div>\n<\/div>\n<\/div><\/div>\n\n\n\n<div class=\"wp-block-uagb-container uagb-block-d9203702 alignfull uagb-is-root-container\"><div class=\"uagb-container-inner-blocks-wrap\">\n<div class=\"wp-block-uagb-container uagb-block-0fed31f9\">\n<div class=\"wp-block-uagb-advanced-heading uagb-block-8fcfd81d\"><h6 class=\"uagb-heading-text\">CONTACT ME<\/h6><\/div>\n\n\n\n<div class=\"wp-block-uagb-advanced-heading uagb-block-87cdb70b\"><h3 class=\"uagb-heading-text\">Schedule an appointment<\/h3><div class=\"uagb-separator\"><\/div><\/div>\n\n\n\t\t\t<div class=\"srfm-form-container srfm-form-container-452 srfm-bg-color boton-formularios\">\n\t\t\t<style>\n\t\t\t\t\/* Need to check and remove the input variables related to the Style Tab. *\/\n\t\t\t\t.srfm-form-container-452 {\n\t\t\t\t\t\/* New test variables *\/\n\t\t\t\t\t--srfm-color-scheme-primary: var(--ast-global-color-0);\n\t\t\t\t\t--srfm-color-scheme-text-on-primary: #FFFFFF;\n\t\t\t\t\t--srfm-color-scheme-text: var(--ast-global-color-2);\n\t\t\t\t\t--srfm-quill-editor-color: var(--ast-global-color-0);\n\n\t\t\t\t\t--srfm-color-input-label: var(--ast-global-color-2);\n\t\t\t\t\t--srfm-color-input-description: hsl( from var(--ast-global-color-2) h s l \/ 0.65 );\n\t\t\t\t\t--srfm-color-input-placeholder: hsl( from var(--ast-global-color-2) h s l \/ 0.5 );\n\t\t\t\t\t--srfm-color-input-text: var(--ast-global-color-2);\n\t\t\t\t\t--srfm-color-input-prefix: hsl( from var(--ast-global-color-2) h s l \/ 0.65 );\n\t\t\t\t\t--srfm-color-input-background: hsl( from var(--ast-global-color-2) h s l \/ 0.02 );\n\t\t\t\t\t--srfm-color-input-background-hover: hsl( from var(--ast-global-color-2) h s l \/ 0.05 );\n\t\t\t\t\t--srfm-color-input-background-disabled: hsl( from var(--ast-global-color-2) h s l \/ 0.07 );\n\t\t\t\t\t--srfm-color-input-border: hsl( from var(--ast-global-color-2) h s l \/ 0.25 );\n\t\t\t\t\t--srfm-color-input-border-disabled: hsl( from var(--ast-global-color-2) h s l \/ 0.15 );\n\t\t\t\t\t--srfm-color-multi-choice-svg: hsl( from var(--ast-global-color-2) h s l \/ 0.7 );\n\t\t\t\t\t--srfm-color-input-border-hover: hsl( from var(--ast-global-color-0) h s l \/ 0.65 );\n\t\t\t\t\t--srfm-color-input-border-focus-glow: hsl( from var(--ast-global-color-0) h s l \/ 0.15 );\n\t\t\t\t\t--srfm-color-input-selected: hsl( from var(--ast-global-color-0) h s l \/ 0.1 );\n\t\t\t\t\t--srfm-btn-color-hover: hsl( from var(--ast-global-color-0) h s l \/ 0.9 );\n\t\t\t\t\t--srfm-btn-color-disabled: hsl( from var(--ast-global-color-0) h s l \/ 0.25 );\n\n\t\t\t\t\t\/* Dropdown Variables *\/\n\t\t\t\t\t--srfm-dropdown-input-background-hover: hsl( from var(--ast-global-color-2) h s l \/ 0.05 );\n\t\t\t\t\t--srfm-dropdown-option-background-hover: hsl( from var(--ast-global-color-2) h s l \/ 0.10 );\n\t\t\t\t\t--srfm-dropdown-option-background-selected: hsl( from var(--ast-global-color-2) h s l \/ 0.05 );\n\t\t\t\t\t--srfm-dropdown-option-selected-icon: hsl( from var(--ast-global-color-2) h s l \/ 0.65 );\n\t\t\t\t\t--srfm-dropdown-option-text-color: hsl( from var(--ast-global-color-2) h s l \/ 0.80 );\n\t\t\t\t\t--srfm-dropdown-option-selected-text: var(--ast-global-color-2);\n\t\t\t\t\t--srfm-dropdown-badge-background: hsl( from var(--ast-global-color-2) h s l \/ 0.05 );\n\t\t\t\t\t--srfm-dropdown-badge-background-hover: hsl( from var(--ast-global-color-2) h s l \/ 0.10 );\n\t\t\t\t\t--srfm-dropdown-menu-border-color: hsl( from var(--ast-global-color-2) h s l \/ 0.10 );\n\t\t\t\t\t--srfm-dropdown-placeholder-color: hsl( from var(--ast-global-color-2) h s l \/ 0.50 );\n\t\t\t\t\t--srfm-dropdown-icon-color: hsl( from var(--ast-global-color-2) h s l \/ 0.65 );\n\t\t\t\t\t--srfm-dropdown-icon-disabled: hsl( from var(--ast-global-color-2) h s l \/ 0.25 );\n\n\t\t\t\t\t\/* Background Control Variables *\/\n\t\t\t\t\t--srfm-instant-form-padding-top: 32px;--srfm-instant-form-padding-right: 32px;--srfm-instant-form-padding-bottom: 32px;--srfm-instant-form-padding-left: 32px;--srfm-instant-form-border-radius-top: 12px;--srfm-instant-form-border-radius-right: 12px;--srfm-instant-form-border-radius-bottom: 12px;--srfm-instant-form-border-radius-left: 12px;--srfm-form-padding-top: 0px;--srfm-form-padding-right: 0px;--srfm-form-padding-bottom: 0px;--srfm-form-padding-left: 0px;--srfm-form-border-radius-top: 0px;--srfm-form-border-radius-right: 0px;--srfm-form-border-radius-bottom: 0px;--srfm-form-border-radius-left: 0px;--srfm-bg-color: var(--ast-global-color-5);--srfm-bg-overlay-opacity: 1;\t\t\t\t\t--srfm-row-gap-between-blocks: 18px;--srfm-address-label-font-size: 16px;--srfm-address-label-line-height: 24px;--srfm-address-description-font-size: 14px;--srfm-address-description-line-height: 20px;--srfm-col-gap-between-fields: 16px;--srfm-row-gap-between-fields: 16px;--srfm-gap-below-address-label: 14px;--srfm-dropdown-font-size: 14px;--srfm-dropdown-gap-between-input-menu: 4px;--srfm-dropdown-badge-padding: 2px 6px;--srfm-dropdown-multiselect-font-size: 12px;--srfm-dropdown-multiselect-line-height: 16px;--srfm-dropdown-padding-right: 12px;--srfm-dropdown-padding-right-icon: calc( var( --srfm-dropdown-padding-right ) + 20px );--srfm-dropdown-multiselect-padding: 8px var( --srfm-dropdown-padding-right-icon ) 8px 8px;--srfm-input-height: 44px;--srfm-input-field-padding: 10px 12px;--srfm-input-field-font-size: 16px;--srfm-input-field-line-height: 24px;--srfm-input-field-margin-top: 6px;--srfm-input-field-margin-bottom: 6px;--srfm-checkbox-label-font-size: 16px;--srfm-checkbox-label-line-height: 24px;--srfm-checkbox-description-font-size: 14px;--srfm-checkbox-description-line-height: 20px;--srfm-check-ctn-width: 16px;--srfm-check-ctn-height: 16px;--srfm-check-svg-size: 10px;--srfm-checkbox-margin-top-frontend: 4px;--srfm-checkbox-margin-top-editor: 6px;--srfm-check-gap: 8px;--srfm-checkbox-description-margin-left: 24px;--srfm-flag-section-padding: 10px 0 10px 12px;--srfm-gap-between-icon-text: 8px;--srfm-label-font-size: 16px;--srfm-label-line-height: 24px;--srfm-description-font-size: 14px;--srfm-description-line-height: 20px;--srfm-btn-padding: 10px 14px;--srfm-btn-font-size: 16px;--srfm-btn-line-height: 24px;--srfm-multi-choice-horizontal-padding: 20px;--srfm-multi-choice-vertical-padding: 20px;--srfm-multi-choice-internal-option-gap: 8px;--srfm-multi-choice-vertical-svg-size: 40px;--srfm-multi-choice-horizontal-image-size: 24px;--srfm-multi-choice-vertical-image-size: 120px;--srfm-multi-choice-outer-padding: 2px;\t\t\t\t}\n\t\t\t<\/style>\n\t\t\t\t\t\t\t<form method=\"post\" enctype=\"multipart\/form-data\" id=\"srfm-form-452\" class=\"srfm-form\"\n\t\t\t\tform-id=\"452\" after-submission=\"hide form\" message-type=\"same page\" success-url=\"\" ajaxurl=\"https:\/\/andrearealtorpv.com\/wp-admin\/admin-ajax.php\" data-nonce=\"2531a4ddbd\" action=\"\"\n\t\t\t\t>\n\t\t\t\t<input type=\"hidden\" id=\"sureforms_form_submit\" name=\"sureforms_form_submit\" value=\"be6df3cf2f\" \/><input type=\"hidden\" name=\"_wp_http_referer\" value=\"\/en\/wp-json\/wp\/v2\/pages\/313\" \/>\n\t\t\t\t<input type=\"hidden\" value=\"452\" name=\"form-id\">\n\t\t\t\t<input type=\"hidden\" value=\"\" name=\"srfm-sender-email-field\" id=\"srfm-sender-email\">\n\t\t\t\t<input type=\"hidden\" value=\"\" id=\"srfm-page-break\">\n\t\t\t\t\t\t<p id=\"srfm-error-message\" class=\"srfm-common-error-message srfm-error-message srfm-head-error\" hidden>\t\t<span class=\"srfm-icon\" aria-hidden=\"true\">\n\t\t\t<svg xmlns='http:\/\/www.w3.org\/2000\/svg' width='20' height='20' fill='none'><path d='M9.99935 18.3327C14.6017 18.3327 18.3327 14.6017 18.3327 9.99935C18.3327 5.39698 14.6017 1.66602 9.99935 1.66602C5.39698 1.66602 1.66602 5.39698 1.66602 9.99935C1.66602 14.6017 5.39698 18.3327 9.99935 18.3327Z' stroke='currentColor' stroke-width='1.5' stroke-linecap='round' stroke-linejoin='round' \/><path d='M10 6.66602V9.99935' stroke='currentColor' stroke-width='1.5' stroke-linecap='round' stroke-linejoin='round' \/><path d='M10 13.334H10.0083' stroke='currentColor' stroke-width='1.5' stroke-linecap='round' stroke-linejoin='round' \/><\/svg>\t\t<\/span>\n\t\t<span class=\"srfm-error-content\">There was an error trying to submit your form. Please try again.<\/span><\/p>\n\t\t\t\t\t<div data-block-id=\"72958ef2\" class=\"srfm-block-single srfm-block srfm-input-block srf-input-72958ef2-block  srfm-block-width-100 srfm-slug-name 452\" >\n\t\t\t\t\t\t\t\t<label id=\"srfm-label-72958ef2-lbl-Tm9tYnJl\" for=\"srfm-input-72958ef2-lbl-Tm9tYnJl\" class=\"srfm-block-label\">\n\t\t\t\t\t\tName\t\t\t\t\t\t\t\t\t\t\t\t\t<span class=\"srfm-required\" aria-hidden=\"true\"> *<\/span>\n\t\t\t\t\t\t\t\t\t\t\t<\/label>\n\t\t\t\t\t\t\t\t\t\t\t\t<div class=\"srfm-block-wrap\">\n\t\t\t\t<input class=\"srfm-input-common srfm-input-input\" type=\"text\" name=\"srfm-input-72958ef2-lbl-Tm9tYnJl-name\" id=\"srfm-input-72958ef2-lbl-Tm9tYnJl\"\n\t\t\t\t\taria-describedby='srfm-error-72958ef2'\t\t\t\t\tdata-required=\"true\" aria-required=\"true\" data-unique=\"false\" maxlength=\"100\" value=\"\"  data-srfm-mask=\"none\"   \/>\n\t\t\t\t<\/div>\n\t\t\t\t<div class=\"srfm-error-wrap\">\n\t\t\t\t\t\t\t\t\t\t<div class=\"srfm-error-message\" data-srfm-id=\"srfm-error-72958ef2\" data-error-msg=\"This field is required.\" data-unique-msg=\"Value needs to be unique.\">\n\t\t\t\t\t\tThis field is required.\t\t\t\t\t<\/div>\n\t\t\t\t\t\t\t\t\t<\/div>\n\t\t\t<\/div>\n\t\t\n\n\t\t\t<div data-block-id=\"4b432cd8\" class=\"srfm-block-single srfm-block srfm-email-block srf-email-4b432cd8-block  srfm-block-width-100 srfm-slug-srfm-email 452 srfm-email-block-wrap\">\n\t\t\t\t<div class=\"srfm-email-block srf-email-4b432cd8-block\">\n\t\t\t\t\t\t\t\t\t\t<label id=\"srfm-label-4b432cd8-lbl-Q29ycmVv\" for=\"srfm-email-4b432cd8-lbl-Q29ycmVv\" class=\"srfm-block-label\">\n\t\t\t\t\t\tEmail\t\t\t\t\t\t\t\t\t\t\t\t\t<span class=\"srfm-required\" aria-hidden=\"true\"> *<\/span>\n\t\t\t\t\t\t\t\t\t\t\t<\/label>\n\t\t\t\t\t\t\t\t\t\t\t\t\t\t\t<div class=\"srfm-block-wrap\">\n\t\t\t\t\t\t<input class=\"srfm-input-common srfm-input-email\" type=\"email\" name=\"srfm-email-4b432cd8-lbl-Q29ycmVv-srfm-email\" id=\"srfm-email-4b432cd8-lbl-Q29ycmVv\"\n\t\t\t\t\t\taria-describedby='srfm-error-4b432cd8'\t\t\t\t\t\tdata-required=\"true\" aria-required=\"true\" data-unique=\"false\" value=\"\"   \/>\n\t\t\t\t\t<\/div>\n\t\t\t\t\t<div class=\"srfm-error-wrap\">\n\t\t\t\t\t\t\t\t\t\t\t<div class=\"srfm-error-message\" data-srfm-id=\"srfm-error-4b432cd8\" data-error-msg=\"This field is required.\" data-unique-msg=\"Value needs to be unique.\">\n\t\t\t\t\t\tThis field is required.\t\t\t\t\t<\/div>\n\t\t\t\t\t\t\t\t\t\t<\/div>\n\t\t\t\t<\/div>\n\t\t\t\t\t\t\t<\/div>\n\t\t\n\n\t\t<div data-block-id=\"3aa822e9\" class=\"srfm-block-single srfm-block srfm-phone-block srf-phone-3aa822e9-block srfm-block-width-100 452\">\n\t\t\t\t\t\t\t\t<label id=\"srfm-label-3aa822e9-lbl-VGVsw6lmb25v\" for=\"srfm-phone-3aa822e9-lbl-VGVsw6lmb25v\" class=\"srfm-block-label\">\n\t\t\t\t\t\tPhone\t\t\t\t\t\t\t\t\t\t\t\t\t<span class=\"srfm-required\" aria-hidden=\"true\"> *<\/span>\n\t\t\t\t\t\t\t\t\t\t\t<\/label>\n\t\t\t\t\t\t\t\t\t\t\t<div class=\"srfm-block-wrap\">\n\t\t\t\t<input type=\"tel\" class=\"srfm-input-common srfm-input-phone\" name=\"srfm-phone-3aa822e9-lbl-VGVsw6lmb25v-phone-number\" id=\"srfm-phone-3aa822e9-lbl-VGVsw6lmb25v\"\n\t\t\t\taria-describedby='srfm-error-3aa822e9'\t\t\t\tdata-required=\"true\" aria-required=\"true\" auto-country=\"true\" default-country=\"\" value=\"\"  data-unique=\"false\">\n\t\t\t<\/div>\n\t\t\t<div class=\"srfm-error-wrap\">\n\t\t\t\t\t\t\t\t\t<div class=\"srfm-error-message\" data-srfm-id=\"srfm-error-3aa822e9\" data-error-msg=\"This field is required.\" data-unique-msg=\"Value needs to be unique.\">\n\t\t\t\t\t\tThis field is required.\t\t\t\t\t<\/div>\n\t\t\t\t\t\t\t\t<\/div>\n\t\t<\/div>\n\t\t\n\n\t\t<div data-block-id=\"9677dc7c\" class=\"srfm-block-single srfm-block srfm-textarea-block srf-textarea-9677dc7c-block  srfm-block-width-100 452\">\n\t\t\t\t\t\t\t\t<label id=\"srfm-label-9677dc7c-lbl-wr9Dw7NtbyBwdWVkbyBheXVkYXJ0ZT8-1314\" for=\"srfm-textarea-9677dc7c-lbl-wr9Dw7NtbyBwdWVkbyBheXVkYXJ0ZT8-1314\" class=\"srfm-block-label\">\n\t\t\t\t\t\tHow can I help you?\t\t\t\t\t\t\t\t\t\t\t\t\t<span class=\"srfm-required\" aria-hidden=\"true\"> *<\/span>\n\t\t\t\t\t\t\t\t\t\t\t<\/label>\n\t\t\t\t\t\t\t\t\t\t\t<div class=\"srfm-block-wrap\">\n\t\t\t\t<textarea\n\t\t\t\t\tclass=\"srfm-input-common srfm-input-textarea\"\n\t\t\t\t\tname=\"srfm-textarea-9677dc7c-lbl-wr9Dw7NtbyBwdWVkbyBheXVkYXJ0ZT8-message\"\n\t\t\t\t\tid=\"srfm-textarea-9677dc7c-lbl-wr9Dw7NtbyBwdWVkbyBheXVkYXJ0ZT8-1314\"\n\t\t\t\t\taria-describedby='srfm-error-9677dc7c'\t\t\t\t\tdata-required=\"true\" aria-required=\"true\"  rows=\"4\"  \t\t\t\t\t\t\t\t\t\t\t\t\t\t\t><\/textarea>\n\t\t\t\t\t\t\t<\/div>\n\t\t\t<div class=\"srfm-error-wrap\">\n\t\t\t\t\t\t\t\t\t<div class=\"srfm-error-message\" data-srfm-id=\"srfm-error-9677dc7c\" data-error-msg=\"This field is required.\">\n\t\t\t\t\t\tThis field is required.\t\t\t\t\t<\/div>\n\t\t\t\t\t\t\t\t<\/div>\n\t\t<\/div>\n\n\t\t\t\t\t\t\t\n\t\t\t\t\t\n\t\t\t\t\t<div class=\"srfm-submit-container\" style=\"\">\n\t\t\t\t\t\t<div style=\"width: ; text-align: center\" class=\"wp-block-button\">\n\t\t\t\t\t\t\t\t\t\t\t\t\t\t\t\t\t\t\t<button style=\"\" id=\"srfm-submit-btn\" class=\"srfm-btn-frontend srfm-button srfm-submit-button\"\n\t\t\t\t\t\t\t\t\t\t\t\t\t\t>\n\t\t\t\t\t\t\t\t<div class=\"srfm-submit-wrap\">\n\t\t\t\t\t\t\t\t\tRequest consultation\t\t\t\t\t\t\t\t<div class=\"srfm-loader\"><\/div>\n\t\t\t\t\t\t\t\t<\/div>\n\t\t\t\t\t\t\t<\/button>\n\t\t\t\t\t\t\t\t\t\t\t\t\t\t\t\t\t\t<\/div>\n\t\t\t\t\t<\/div>\n\t\t\t\t\t\t\t<p id=\"srfm-error-message\" class=\"srfm-common-error-message srfm-error-message srfm-footer-error\" hidden>\t\t<span class=\"srfm-icon\" aria-hidden=\"true\">\n\t\t\t<svg xmlns='http:\/\/www.w3.org\/2000\/svg' width='20' height='20' fill='none'><path d='M9.99935 18.3327C14.6017 18.3327 18.3327 14.6017 18.3327 9.99935C18.3327 5.39698 14.6017 1.66602 9.99935 1.66602C5.39698 1.66602 1.66602 5.39698 1.66602 9.99935C1.66602 14.6017 5.39698 18.3327 9.99935 18.3327Z' stroke='currentColor' stroke-width='1.5' stroke-linecap='round' stroke-linejoin='round' \/><path d='M10 6.66602V9.99935' stroke='currentColor' stroke-width='1.5' stroke-linecap='round' stroke-linejoin='round' \/><path d='M10 13.334H10.0083' stroke='currentColor' stroke-width='1.5' stroke-linecap='round' stroke-linejoin='round' \/><\/svg>\t\t<\/span>\n\t\t<span class=\"srfm-error-content\">There was an error trying to submit your form. Please try again.<\/span><\/p>\n\t\t\t\t\t<input type=\"hidden\" name=\"trp-form-language\" value=\"en\"\/><\/form>\n\t\t\t<div class=\"srfm-single-form srfm-success-box in-page\">\n\t\t\t\t<div aria-live=\"polite\" aria-atomic=\"true\" role=\"alert\" id=\"srfm-success-message-page-452\" class=\"srfm-success-box-description\"><\/div>\n\t\t\t<\/div>\n\t\t\t<\/div>\n\t\t\n<\/div>\n<\/div><\/div>","protected":false},"excerpt":{"rendered":"<p>Propiedades Busca tu propiedad Propiedades Destacadas Propiedades destacadas, elegidas con criterio y atenci\u00f3n personalizada. Casa de playa Riviera Nayarit Ideal para iniciar tu patrimonio familiar sin un presupuesto alto. \u00c1reas comunes como casa club, terraza, juegos y alberca MXN $2.650M Casa de Golf Nuevo Vallarta, Jalisco M\u00e9xico Este es el lugar perfecto para vivir en [&hellip;]<\/p>","protected":false},"author":1,"featured_media":0,"parent":0,"menu_order":0,"comment_status":"closed","ping_status":"closed","template":"","meta":{"om_disable_all_campaigns":false,"_uag_custom_page_level_css":"","_monsterinsights_skip_tracking":false,"_monsterinsights_sitenote_active":false,"_monsterinsights_sitenote_note":"","_monsterinsights_sitenote_category":0,"site-sidebar-layout":"no-sidebar","site-content-layout":"page-builder","ast-site-content-layout":"full-width-container","site-content-style":"unboxed","site-sidebar-style":"unboxed","ast-global-header-display":"","ast-banner-title-visibility":"","ast-main-header-display":"","ast-hfb-above-header-display":"","ast-hfb-below-header-display":"","ast-hfb-mobile-header-display":"","site-post-title":"disabled","ast-breadcrumbs-content":"","ast-featured-img":"","footer-sml-layout":"","theme-transparent-header-meta":"enabled","adv-header-id-meta":"","stick-header-meta":"","header-above-stick-meta":"","header-main-stick-meta":"","header-below-stick-meta":"","astra-migrate-meta-layouts":"set","ast-page-background-enabled":"default","ast-page-background-meta":{"desktop":{"background-color":"var(--ast-global-color-4)","background-image":"","background-repeat":"repeat","background-position":"center center","background-size":"auto","background-attachment":"scroll","background-type":"","background-media":"","overlay-type":"","overlay-color":"","overlay-opacity":"","overlay-gradient":""},"tablet":{"background-color":"","background-image":"","background-repeat":"repeat","background-position":"center center","background-size":"auto","background-attachment":"scroll","background-type":"","background-media":"","overlay-type":"","overlay-color":"","overlay-opacity":"","overlay-gradient":""},"mobile":{"background-color":"","background-image":"","background-repeat":"repeat","background-position":"center center","background-size":"auto","background-attachment":"scroll","background-type":"","background-media":"","overlay-type":"","overlay-color":"","overlay-opacity":"","overlay-gradient":""}},"ast-content-background-meta":{"desktop":{"background-color":"var(--ast-global-color-5)","background-image":"","background-repeat":"repeat","background-position":"center center","background-size":"auto","background-attachment":"scroll","background-type":"","background-media":"","overlay-type":"","overlay-color":"","overlay-opacity":"","overlay-gradient":""},"tablet":{"background-color":"var(--ast-global-color-5)","background-image":"","background-repeat":"repeat","background-position":"center center","background-size":"auto","background-attachment":"scroll","background-type":"","background-media":"","overlay-type":"","overlay-color":"","overlay-opacity":"","overlay-gradient":""},"mobile":{"background-color":"var(--ast-global-color-5)","background-image":"","background-repeat":"repeat","background-position":"center center","background-size":"auto","background-attachment":"scroll","background-type":"","background-media":"","overlay-type":"","overlay-color":"","overlay-opacity":"","overlay-gradient":""}},"footnotes":""},"class_list":["post-313","page","type-page","status-publish","hentry"],"aioseo_notices":[],"_hostinger_reach_plugin_has_subscription_block":false,"_hostinger_reach_plugin_is_elementor":false,"uagb_featured_image_src":{"full":false,"thumbnail":false,"medium":false,"medium_large":false,"large":false,"1536x1536":false,"2048x2048":false,"trp-custom-language-flag":false},"uagb_author_info":{"display_name":"andrearealestate90@gmail.com","author_link":"https:\/\/andrearealtorpv.com\/en\/author\/andrearealestate90gmail-com\/"},"uagb_comment_info":0,"uagb_excerpt":"Propiedades Busca tu propiedad Propiedades Destacadas Propiedades destacadas, elegidas con criterio y atenci\u00f3n personalizada. Casa de playa Riviera Nayarit Ideal para iniciar tu patrimonio familiar sin un presupuesto alto. \u00c1reas comunes como casa club, terraza, juegos y alberca MXN $2.650M Casa de Golf Nuevo Vallarta, Jalisco M\u00e9xico Este es el lugar perfecto para vivir en&hellip;","_links":{"self":[{"href":"https:\/\/andrearealtorpv.com\/en\/wp-json\/wp\/v2\/pages\/313","targetHints":{"allow":["GET"]}}],"collection":[{"href":"https:\/\/andrearealtorpv.com\/en\/wp-json\/wp\/v2\/pages"}],"about":[{"href":"https:\/\/andrearealtorpv.com\/en\/wp-json\/wp\/v2\/types\/page"}],"author":[{"embeddable":true,"href":"https:\/\/andrearealtorpv.com\/en\/wp-json\/wp\/v2\/users\/1"}],"replies":[{"embeddable":true,"href":"https:\/\/andrearealtorpv.com\/en\/wp-json\/wp\/v2\/comments?post=313"}],"version-history":[{"count":22,"href":"https:\/\/andrearealtorpv.com\/en\/wp-json\/wp\/v2\/pages\/313\/revisions"}],"predecessor-version":[{"id":1187,"href":"https:\/\/andrearealtorpv.com\/en\/wp-json\/wp\/v2\/pages\/313\/revisions\/1187"}],"wp:attachment":[{"href":"https:\/\/andrearealtorpv.com\/en\/wp-json\/wp\/v2\/media?parent=313"}],"curies":[{"name":"wp","href":"https:\/\/api.w.org\/{rel}","templated":true}]}}